{"id":17,"date":"2022-08-22T06:34:35","date_gmt":"2022-08-22T06:34:35","guid":{"rendered":"https:\/\/skanaukirzaisk.lt\/?page_id=17"},"modified":"2026-04-17T07:57:36","modified_gmt":"2026-04-17T07:57:36","slug":"pradzia","status":"publish","type":"page","link":"https:\/\/skanaukirzaisk.lt\/","title":{"rendered":"Prad\u017eia"},"content":{"rendered":"\t\t<div data-elementor-type=\"wp-page\" data-elementor-id=\"17\" class=\"elementor elementor-17\">\n\t\t\t\t\t\t\t\t\t<section class=\"elementor-section elementor-top-section elementor-element elementor-element-239e755 elementor-section-full_width elementor-section-stretched elementor-section-height-default elementor-section-height-default\" data-id=\"239e755\" data-element_type=\"section\" data-settings=\"{&quot;stretch_section&quot;:&quot;section-stretched&quot;}\">\n\t\t\t\t\t\t<div class=\"elementor-container elementor-column-gap-default\">\n\t\t\t\t\t<div class=\"elementor-column elementor-col-100 elementor-top-column elementor-element elementor-element-5a31e15\" data-id=\"5a31e15\" data-element_type=\"column\">\n\t\t\t<div class=\"elementor-widget-wrap elementor-element-populated\">\n\t\t\t\t\t\t\t\t<div class=\"elementor-element elementor-element-8c76a70 elementor-widget elementor-widget-image\" data-id=\"8c76a70\" data-element_type=\"widget\" data-widget_type=\"image.default\">\n\t\t\t\t<div class=\"elementor-widget-container\">\n\t\t\t<style>\/*! elementor - v3.7.2 - 21-08-2022 *\/\n.elementor-widget-image{text-align:center}.elementor-widget-image a{display:inline-block}.elementor-widget-image a img[src$=\".svg\"]{width:48px}.elementor-widget-image img{vertical-align:middle;display:inline-block}<\/style>\t\t\t\t\t\t\t\t\t\t\t\t<img width=\"1212\" height=\"640\" src=\"https:\/\/skanaukirzaisk.lt\/wp-content\/uploads\/2026\/04\/baneris-zaidimu-puslapio-kamado-Pringles-1212x640px.png\" class=\"attachment-full size-full\" alt=\"\" loading=\"lazy\" srcset=\"https:\/\/skanaukirzaisk.lt\/wp-content\/uploads\/2026\/04\/baneris-zaidimu-puslapio-kamado-Pringles-1212x640px.png 1212w, https:\/\/skanaukirzaisk.lt\/wp-content\/uploads\/2026\/04\/baneris-zaidimu-puslapio-kamado-Pringles-1212x640px-300x158.png 300w, https:\/\/skanaukirzaisk.lt\/wp-content\/uploads\/2026\/04\/baneris-zaidimu-puslapio-kamado-Pringles-1212x640px-1024x541.png 1024w, https:\/\/skanaukirzaisk.lt\/wp-content\/uploads\/2026\/04\/baneris-zaidimu-puslapio-kamado-Pringles-1212x640px-768x406.png 768w\" sizes=\"(max-width: 1212px) 100vw, 1212px\" style=\"width:100%;height:52.81%;max-width:1212px\" \/>\t\t\t\t\t\t\t\t\t\t\t\t\t\t\t<\/div>\n\t\t\t\t<\/div>\n\t\t\t\t\t<\/div>\n\t\t<\/div>\n\t\t\t\t\t\t\t<\/div>\n\t\t<\/section>\n\t\t\t\t<section class=\"elementor-section elementor-top-section elementor-element elementor-element-e02fd02 elementor-hidden-desktop elementor-hidden-tablet elementor-hidden-mobile elementor-section-boxed elementor-section-height-default elementor-section-height-default\" data-id=\"e02fd02\" data-element_type=\"section\">\n\t\t\t\t\t\t<div class=\"elementor-container elementor-column-gap-default\">\n\t\t\t\t\t<div class=\"elementor-column elementor-col-100 elementor-top-column elementor-element elementor-element-49dd453\" data-id=\"49dd453\" data-element_type=\"column\">\n\t\t\t<div class=\"elementor-widget-wrap elementor-element-populated\">\n\t\t\t\t\t\t\t\t<div class=\"elementor-element elementor-element-d1b542e elementor-widget elementor-widget-shortcode\" data-id=\"d1b542e\" data-element_type=\"widget\" data-widget_type=\"shortcode.default\">\n\t\t\t\t<div class=\"elementor-widget-container\">\n\t\t\t\t\t<div class=\"elementor-shortcode\"><div id='formContainer2067398266' class='sfForm rednaoFormContainer SfFormElementContainer bootstrap-wrapper'><\/div><script>\n            var ajaxurl = 'https:\/\/skanaukirzaisk.lt\/wp-admin\/admin-ajax.php';\n            var smartFormsCurrentTime=new Date('Thu Apr 30 2026 07:05:28 +0000');\n            \tvar smartFormsSaveNonce=\"0bd3cd4f70\";\n            \tvar smartFormsUserName=\"\";\n            \tvar smartFormsFirstName=\"\";\n            \tvar smartFormsLastName=\"\";\n            \tvar smartFormsEmail=\"\";\n                var smartFormsPath=\"https:\/\/skanaukirzaisk.lt\/wp-content\/plugins\/smart-forms\/\";\n                var smartDonationsRootPath=\"\";\n                var smartDonationsSandbox=\"\";\n                var smartFormsAdditionalFields1=[];\n                var smartFormsDesignMode=false;\n                if(!window.smartFormsItemsToLoad)\n                    window.smartFormsItemsToLoad=new Array();                                                   \n        window.smartFormsItemsToLoad.push({ 'form_id':1,  'elements':[{\"_id\":34,\"ClassName\":\"rednaotextinput\",\"IsRequired\":\"n\",\"Formulas\":{},\"Styles\":{},\"ContainerOptions\":{\"Width\":-1,\"Id\":\"41\",\"Type\":\"single\"},\"Id\":\"rnField6\",\"Spacing\":\"col-sm-6\",\"Label\":\"Vardas\",\"Placeholder\":\"Vardas\",\"Value\":\"\",\"ReadOnly\":\"n\",\"Width\":\"\",\"Icon\":{\"ClassName\":\"\"},\"CustomCSS\":\"\",\"Placeholder_Icon\":{\"ClassName\":\"\",\"Orientation\":\"\"}},{\"_id\":35,\"ClassName\":\"rednaotextinput\",\"IsRequired\":\"y\",\"Formulas\":{},\"Styles\":{},\"ContainerOptions\":{\"Width\":-1,\"Id\":\"43\",\"Type\":\"single\"},\"Id\":\"rnField7\",\"Spacing\":\"col-sm-6\",\"Label\":\"Pavard\u0117\",\"Placeholder\":\"Pavard\u0117\",\"Value\":\"\",\"ReadOnly\":\"n\",\"Width\":\"\",\"Icon\":{\"ClassName\":\"\"},\"CustomCSS\":\"\",\"Placeholder_Icon\":{\"ClassName\":\"\",\"Orientation\":\"\"}},{\"_id\":30,\"ClassName\":\"rednaonumber\",\"IsRequired\":\"y\",\"Formulas\":{},\"Styles\":{},\"ContainerOptions\":{\"Width\":-1,\"Id\":\"32\",\"Type\":\"single\"},\"Id\":\"rnField2\",\"Spacing\":\"col-sm-6\",\"Label\":\"Tel. nr.\",\"Placeholder\":\"Tel. nr. 86xxxxxxx\",\"NumberOfDecimals\":0,\"MaximumValue\":\"\",\"MinimumValue\":\"\",\"Decimals\":0,\"Icon\":{\"ClassName\":\"\"},\"CustomCSS\":\"\",\"Placeholder_Icon\":{\"ClassName\":\"\",\"Orientation\":\"\"},\"Width\":\"\",\"Value\":\"\",\"ShowArrows\":\"n\",\"ReadOnly\":\"n\"},{\"_id\":31,\"ClassName\":\"rednaoemail\",\"IsRequired\":\"y\",\"Formulas\":{},\"Styles\":{},\"ContainerOptions\":{\"Width\":-1,\"Id\":\"34\",\"Type\":\"single\"},\"Id\":\"rnField3\",\"Spacing\":\"col-sm-6\",\"Label\":\"El. pa\u0161tas\",\"Placeholder\":\"El. pa\u0161to adresas\",\"Icon\":{\"ClassName\":\"\"},\"CustomCSS\":\"\",\"Placeholder_Icon\":{\"ClassName\":\"\",\"Orientation\":\"\"},\"ReadOnly\":\"n\",\"Value\":\"\"},{\"_id\":33,\"ClassName\":\"rednaotextinput\",\"IsRequired\":\"y\",\"Formulas\":{},\"Styles\":{},\"ContainerOptions\":{\"Width\":-1,\"Id\":\"39\",\"Type\":\"single\"},\"Id\":\"rnField5\",\"Spacing\":\"col-sm-6\",\"Label\":\"\u010cekio numeris\",\"Placeholder\":\"Pirkimo \u010dekio numeris\",\"Value\":\"\",\"ReadOnly\":\"n\",\"Width\":\"\",\"Icon\":{\"ClassName\":\"\"},\"CustomCSS\":\"\",\"Placeholder_Icon\":{\"ClassName\":\"\",\"Orientation\":\"\"}},{\"_id\":75,\"ClassName\":\"rednaomultiplecheckboxes\",\"IsRequired\":\"y\",\"Formulas\":{},\"Styles\":{},\"ContainerOptions\":{\"Width\":-1,\"Id\":\"87\",\"Type\":\"single\"},\"Id\":\"Default\",\"Spacing\":\"col-sm-12\",\"Label\":\"S\u0105lygos ir taisykl\u0117s\",\"Orientation\":\"v\",\"Options\":[{\"label\":\"Sutinku su \u017eaidimo s\u0105lygomis ir taisykl\u0117mis\",\"value\":\"0\",\"sel\":\"n\",\"url\":\"\"}],\"CustomCSS\":\"\"},{\"_id\":36,\"ClassName\":\"rednaosubmissionbutton\",\"IsRequired\":\"n\",\"Formulas\":{},\"Styles\":{},\"ContainerOptions\":{\"Width\":-1,\"Id\":\"45\",\"Type\":\"single\"},\"Id\":\"rnField8\",\"Spacing\":\"col-sm-12\",\"ButtonText\":\"REGISTRUOTIS\",\"CustomCSS\":\"\",\"Icon\":{\"ClassName\":\"\"},\"Animated\":\"y\",\"Action\":\"submit\"}],'client_form_options':{\"JavascriptCode\":[],\"CSS\":\".bootstrap-wrapper.SfFormElementContainer .rednao-control-group .rednao_control_label{\\nfont-size:12px !important;\\n}\\n.bootstrap-wrapper.SfFormElementContainer .rednao-control-group {\\nbackground-color:null !important;\\n}\\n.bootstrap-wrapper.SfFormElementContainer #rnField8 .rednao_control_label{\\ncolor:#ffffff !important;\\n}\\n.bootstrap-wrapper.SfFormElementContainer #rnField8 .redNaoSubmitButton{\\nfont-size:11px !important;\\ncolor:#ffffff !important;\\nbackground-color:#d31245 !important;\\n}\\n\",\"Conditions\":[],\"UsesCaptcha\":\"n\",\"CaptchaVersion\":\"\",\"alert_message\":\"J\u016bs\u0173 registracija s\u0117kminga! Su nugal\u0117tojais susisieksime nurodytais kontaktiniais duomenimis!\",\"alert_message_cb\":\"y\",\"DontClearForm\":\"n\",\"redirect_to\":[{\"URL\":\"\",\"RCSettings\":{\"Redirect\":\"always\",\"ConditionSettings\":[]}}],\"redirect_to_cb\":\"n\",\"Campaign\":\"\",\"PayPalEmail\":\"\",\"PayPalCondition\":{},\"PayPalType\":\"donation\",\"PayPalDescription\":\"\",\"PayPalCurrency\":\"USD\",\"Formulas\":{},\"InvalidInputMessage\":\"*Pra\u0161ome u\u017epildyti visus nurodytus langelius\",\"FormType\":\"nor\",\"SplitSteps\":{},\"ToolTipPosition\":\"left\",\"Theme\":\"basic\",\"LabelLayout\":\"top\",\"Extensions\":{}},'container':'formContainer2067398266'});<\/script><\/div>\n\t\t\t\t<\/div>\n\t\t\t\t<\/div>\n\t\t\t\t\t<\/div>\n\t\t<\/div>\n\t\t\t\t\t\t\t<\/div>\n\t\t<\/section>\n\t\t\t\t<section class=\"elementor-section elementor-top-section elementor-element elementor-element-1196328 elementor-section-stretched elementor-section-boxed elementor-section-height-default elementor-section-height-default\" data-id=\"1196328\" data-element_type=\"section\" data-settings=\"{&quot;stretch_section&quot;:&quot;section-stretched&quot;}\">\n\t\t\t\t\t\t<div class=\"elementor-container elementor-column-gap-default\">\n\t\t\t\t\t<div class=\"elementor-column elementor-col-100 elementor-top-column elementor-element elementor-element-1a8e082 elementor-hidden-desktop elementor-hidden-tablet elementor-hidden-mobile\" data-id=\"1a8e082\" data-element_type=\"column\">\n\t\t\t<div class=\"elementor-widget-wrap elementor-element-populated\">\n\t\t\t\t\t\t\t\t<div class=\"elementor-element elementor-element-a1d46a4 elementor-widget elementor-widget-shortcode\" data-id=\"a1d46a4\" data-element_type=\"widget\" data-widget_type=\"shortcode.default\">\n\t\t\t\t<div class=\"elementor-widget-container\">\n\t\t\t\t\t<div class=\"elementor-shortcode\">Please select a valid form<\/div>\n\t\t\t\t<\/div>\n\t\t\t\t<\/div>\n\t\t\t\t\t<\/div>\n\t\t<\/div>\n\t\t\t\t\t\t\t<\/div>\n\t\t<\/section>\n\t\t\t\t<section class=\"elementor-section elementor-top-section elementor-element elementor-element-3de54a8 elementor-section-boxed elementor-section-height-default elementor-section-height-default\" data-id=\"3de54a8\" data-element_type=\"section\">\n\t\t\t\t\t\t<div class=\"elementor-container elementor-column-gap-default\">\n\t\t\t\t\t<div class=\"elementor-column elementor-col-100 elementor-top-column elementor-element elementor-element-b556b11\" data-id=\"b556b11\" data-element_type=\"column\">\n\t\t\t<div class=\"elementor-widget-wrap elementor-element-populated\">\n\t\t\t\t\t\t\t\t<div class=\"elementor-element elementor-element-c0b3ede elementor-widget elementor-widget-text-editor\" data-id=\"c0b3ede\" data-element_type=\"widget\" data-widget_type=\"text-editor.default\">\n\t\t\t\t<div class=\"elementor-widget-container\">\n\t\t\t<style>\/*! elementor - v3.7.2 - 21-08-2022 *\/\n.elementor-widget-text-editor.elementor-drop-cap-view-stacked .elementor-drop-cap{background-color:#818a91;color:#fff}.elementor-widget-text-editor.elementor-drop-cap-view-framed .elementor-drop-cap{color:#818a91;border:3px solid;background-color:transparent}.elementor-widget-text-editor:not(.elementor-drop-cap-view-default) .elementor-drop-cap{margin-top:8px}.elementor-widget-text-editor:not(.elementor-drop-cap-view-default) .elementor-drop-cap-letter{width:1em;height:1em}.elementor-widget-text-editor .elementor-drop-cap{float:left;text-align:center;line-height:1;font-size:50px}.elementor-widget-text-editor .elementor-drop-cap-letter{display:inline-block}<\/style>\t\t\t\t\t\t\t\t\t\t<\/div>\n\t\t\t\t<\/div>\n\t\t\t\t<div class=\"elementor-element elementor-element-118d05f elementor-widget elementor-widget-shortcode\" data-id=\"118d05f\" data-element_type=\"widget\" data-widget_type=\"shortcode.default\">\n\t\t\t\t<div class=\"elementor-widget-container\">\n\t\t\t\t\t<div class=\"elementor-shortcode\"><div class=\"frm_forms  with_frm_style frm_style_formidable-style\" id=\"frm_form_3_container\" data-token=\"6288cddaa7b0f46a2627519e222324fd\">\n<form enctype=\"multipart\/form-data\" method=\"post\" class=\"frm-show-form \" id=\"form_registracija-i-zaidima22\" data-token=\"6288cddaa7b0f46a2627519e222324fd\">\n<div class=\"frm_form_fields \">\n<fieldset>\n<legend class=\"frm_screen_reader\">Registracija \u012f \u017eaidim\u0105<\/legend>\r\n\r\n<div class=\"frm_fields_container\">\n<input type=\"hidden\" name=\"frm_action\" value=\"create\" \/>\n<input type=\"hidden\" name=\"form_id\" value=\"3\" \/>\n<input type=\"hidden\" name=\"frm_hide_fields_3\" id=\"frm_hide_fields_3\" value=\"\" \/>\n<input type=\"hidden\" name=\"form_key\" value=\"registracija-i-zaidima22\" \/>\n<input type=\"hidden\" name=\"item_meta[0]\" value=\"\" \/>\n<input type=\"hidden\" id=\"frm_submit_entry_3\" name=\"frm_submit_entry_3\" value=\"15ccd66f30\" \/><input type=\"hidden\" name=\"_wp_http_referer\" value=\"\/index.php\/wp-json\/wp\/v2\/pages\/17\" \/><div id=\"frm_field_20_container\" class=\"frm_form_field form-field  frm_required_field frm_top_container\">\r\n\t<div  id=\"field_ptxql2_label\" class=\"frm_primary_label\">Vardas ir pavard\u0117\r\n\t\t<span class=\"frm_required\" aria-hidden=\"true\">*<\/span>\r\n\t<\/div>\r\n\t<fieldset aria-labelledby=\"field_ptxql2_label\">\n\t<legend class=\"frm_screen_reader frm_hidden\">\n\t\tVardas ir pavard\u0117\t<\/legend>\n\n\t<div  class=\"frm_combo_inputs_container\" id=\"frm_combo_inputs_container_20\" data-name-layout=\"first_last\">\n\t\t\t\t\t<div\n\t\t\t\tid=\"frm_field_20-first_container\"\n\t\t\t\tclass=\"frm_form_field form-field frm_form_subfield-first  frm6\"\n\t\t\t\tdata-sub-field-name=\"first\"\n\t\t\t>\n\t\t\t\t<label for=\"field_ptxql2_first\" class=\"frm_screen_reader frm_hidden\">\n\t\t\t\t\tVardas\t\t\t\t<\/label>\n\n\t\t\t\t\t\t\t\t\t\t<input\n\t\t\t\t\t\t\ttype=\"text\"\n\t\t\t\t\t\t\tid=\"field_ptxql2_first\"\n\t\t\t\t\t\t\tvalue=\"\"\n\t\t\t\t\t\t\tname=\"item_meta[20][first]\"  data-reqmsg=\"Vardas ir pavard\u0117 cannot be blank.\" aria-required=\"true\" data-invmsg=\"Vardas ir pavard\u0117 is invalid\" aria-invalid=\"false\"  \t\t\t\t\t\t\/>\n\t\t\t\t\t\t<div class=\"frm_description\" id=\"frm_field_20_first_desc\">Vardas<\/div>\t\t\t<\/div>\n\t\t\t\t\t\t<div\n\t\t\t\tid=\"frm_field_20-last_container\"\n\t\t\t\tclass=\"frm_form_field form-field frm_form_subfield-last  frm6\"\n\t\t\t\tdata-sub-field-name=\"last\"\n\t\t\t>\n\t\t\t\t<label for=\"field_ptxql2_last\" class=\"frm_screen_reader frm_hidden\">\n\t\t\t\t\tPavard\u0117\t\t\t\t<\/label>\n\n\t\t\t\t\t\t\t\t\t\t<input\n\t\t\t\t\t\t\ttype=\"text\"\n\t\t\t\t\t\t\tid=\"field_ptxql2_last\"\n\t\t\t\t\t\t\tvalue=\"\"\n\t\t\t\t\t\t\tname=\"item_meta[20][last]\"  data-reqmsg=\"Vardas ir pavard\u0117 cannot be blank.\" aria-required=\"true\" data-invmsg=\"Vardas ir pavard\u0117 is invalid\" aria-invalid=\"false\"  \t\t\t\t\t\t\/>\n\t\t\t\t\t\t<div class=\"frm_description\" id=\"frm_field_20_last_desc\">Pavard\u0117<\/div>\t\t\t<\/div>\n\t\t\t\t<\/div>\n<\/fieldset>\n\r\n\t\r\n\t\r\n<\/div>\n<div id=\"frm_field_21_container\" class=\"frm_form_field form-field  frm_required_field frm_top_container frm6 frm_first\">\r\n\t<label for=\"field_hysgq2\" id=\"field_hysgq2_label\" class=\"frm_primary_label\">Telefono numeris\r\n\t\t<span class=\"frm_required\" aria-hidden=\"true\">*<\/span>\r\n\t<\/label>\r\n\t<input type=\"tel\" id=\"field_hysgq2\" name=\"item_meta[21]\" value=\"\"  data-reqmsg=\"Telefono numeris cannot be blank.\" aria-required=\"true\" data-invmsg=\"Telefono numeris is invalid\" aria-invalid=\"false\" pattern=\"((\\+\\d{1,3}(-|.| )?\\(?\\d\\)?(-| |.)?\\d{1,5})|(\\(?\\d{2,6}\\)?))(-|.| )?(\\d{3,4})(-|.| )?(\\d{4})(( x| ext)\\d{1,5}){0,1}$\"  \/>\r\n\t\r\n\t\r\n<\/div>\n<div id=\"frm_field_22_container\" class=\"frm_form_field form-field  frm_required_field frm_top_container frm6\">\r\n\t<label for=\"field_8heap2\" id=\"field_8heap2_label\" class=\"frm_primary_label\">El.pa\u0161to adresas\r\n\t\t<span class=\"frm_required\" aria-hidden=\"true\">*<\/span>\r\n\t<\/label>\r\n\t<input type=\"email\" id=\"field_8heap2\" name=\"item_meta[22]\" value=\"\"  data-reqmsg=\"El.pa\u0161to adresas cannot be blank.\" aria-required=\"true\" data-invmsg=\"El.pa\u0161to adresas is invalid\" aria-invalid=\"false\"  \/>\r\n\t\r\n\t\r\n<\/div>\n<div id=\"frm_field_23_container\" class=\"frm_form_field form-field  frm_required_field frm_top_container\">\r\n\t<label for=\"field_lhnq\" id=\"field_lhnq_label\" class=\"frm_primary_label\">\u010cekio numeris\r\n\t\t<span class=\"frm_required\" aria-hidden=\"true\">*<\/span>\r\n\t<\/label>\r\n\t<input type=\"text\" id=\"field_lhnq\" name=\"item_meta[23]\" value=\"\"  data-reqmsg=\"\u010cekio numeris cannot be blank.\" aria-required=\"true\" data-invmsg=\"\u010cekio numeris is invalid\" aria-invalid=\"false\"  \/>\r\n\t\r\n\t\r\n<\/div>\n<div id=\"frm_field_24_container\" class=\"frm_form_field form-field  frm_required_field frm_top_container vertical_radio\">\r\n\t<div  id=\"field_ymw9w2_label\" class=\"frm_primary_label\">S\u0105lygos ir taisykl\u0117s\r\n\t\t<span class=\"frm_required\" aria-hidden=\"true\">*<\/span>\r\n\t<\/div>\r\n\t<div class=\"frm_opt_container\" aria-labelledby=\"field_ymw9w2_label\" role=\"radiogroup\" aria-required=\"true\">\t\t<div class=\"frm_radio\" id=\"frm_radio_24-0\">\t\t\t<label  for=\"field_ymw9w2-0\">\n\t\t\t\t\t<input type=\"radio\" name=\"item_meta[24]\" id=\"field_ymw9w2-0\" value=\"Sutinku su \u017eaidimo &lt; a href=&quot;https:\/\/skanaukirzaisk.lt\/index.php\/zaidimo-taisykles\/&quot;&gt;s\u0105lygomis ir taisykl\u0117mis&lt;\/a&gt;\"\n\t\t   data-reqmsg=\"S\u0105lygos ir taisykl\u0117s cannot be blank.\" data-invmsg=\"S\u0105lygos ir taisykl\u0117s is invalid\" aria-invalid=\"false\"  \/> Sutinku su \u017eaidimo <a href=\"https:\/\/skanaukirzaisk.lt\/index.php\/zaidimo-taisykles\/\">s\u0105lygomis ir taisykl\u0117mis<\/a><\/label><\/div>\n<\/div>\r\n\t\r\n\t\r\n<\/div>\n<div id=\"frm_field_25_container\" class=\"frm_form_field form-field \">\r\n\t<div class=\"frm_submit frm_flex\">\r\n<button class=\"frm_button_submit has-text-color has-background\" type=\"submit\"  >Registruotis<\/button>\r\n\r\n\r\n\r\n<\/div>\r\n<\/div>\n\t<input type=\"hidden\" name=\"item_key\" value=\"\" \/>\n\t\t\t<div id=\"frm_field_26_container\">\n\t\t\t<label for=\"field_pu6vh\" >\n\t\t\t\tIf you are human, leave this field blank.\t\t\t<\/label>\n\t\t\t<input  id=\"field_pu6vh\" type=\"text\" class=\"frm_form_field form-field frm_verify\" name=\"item_meta[26]\" value=\"\"  \/>\n\t\t<\/div>\n\t\t<input name=\"frm_state\" type=\"hidden\" value=\"6o\/Tb\/NR02tNk762N+rFQnaPOF\/MWno6RdQ0aa2qTos=\" \/><\/div>\n<\/fieldset>\n<\/div>\n\n<p style=\"display: none !important;\"><label>&#916;<textarea name=\"ak_hp_textarea\" cols=\"45\" rows=\"8\" maxlength=\"100\"><\/textarea><\/label><input type=\"hidden\" id=\"ak_js_1\" name=\"ak_js\" value=\"127\"\/><script>document.getElementById( \"ak_js_1\" ).setAttribute( \"value\", ( new Date() ).getTime() );<\/script><\/p><\/form>\n<\/div>\n\n<\/div>\n\t\t\t\t<\/div>\n\t\t\t\t<\/div>\n\t\t\t\t\t<\/div>\n\t\t<\/div>\n\t\t\t\t\t\t\t<\/div>\n\t\t<\/section>\n\t\t\t\t\t\t\t<\/div>\n\t\t","protected":false},"excerpt":{"rendered":"","protected":false},"author":1,"featured_media":0,"parent":0,"menu_order":0,"comment_status":"closed","ping_status":"closed","template":"","meta":[],"_links":{"self":[{"href":"https:\/\/skanaukirzaisk.lt\/index.php\/wp-json\/wp\/v2\/pages\/17"}],"collection":[{"href":"https:\/\/skanaukirzaisk.lt\/index.php\/wp-json\/wp\/v2\/pages"}],"about":[{"href":"https:\/\/skanaukirzaisk.lt\/index.php\/wp-json\/wp\/v2\/types\/page"}],"author":[{"embeddable":true,"href":"https:\/\/skanaukirzaisk.lt\/index.php\/wp-json\/wp\/v2\/users\/1"}],"replies":[{"embeddable":true,"href":"https:\/\/skanaukirzaisk.lt\/index.php\/wp-json\/wp\/v2\/comments?post=17"}],"version-history":[{"count":121,"href":"https:\/\/skanaukirzaisk.lt\/index.php\/wp-json\/wp\/v2\/pages\/17\/revisions"}],"predecessor-version":[{"id":231,"href":"https:\/\/skanaukirzaisk.lt\/index.php\/wp-json\/wp\/v2\/pages\/17\/revisions\/231"}],"wp:attachment":[{"href":"https:\/\/skanaukirzaisk.lt\/index.php\/wp-json\/wp\/v2\/media?parent=17"}],"curies":[{"name":"wp","href":"https:\/\/api.w.org\/{rel}","templated":true}]}}